{"id":378,"date":"2015-12-03T17:27:14","date_gmt":"2015-12-03T16:27:14","guid":{"rendered":"http:\/\/www.villafedora.it\/residence\/?page_id=378"},"modified":"2022-10-03T13:40:38","modified_gmt":"2022-10-03T11:40:38","slug":"tariffe","status":"publish","type":"page","link":"https:\/\/www.villafedora.it\/residence\/tariffe","title":{"rendered":"Tariffe"},"content":{"rendered":"<p>[et_pb_section fb_built=&#8221;1&#8243; _builder_version=&#8221;4.16&#8243; background_color=&#8221;#ac6877&#8243; global_colors_info=&#8221;{}&#8221;][et_pb_row use_custom_gutter=&#8221;on&#8221; module_class=&#8221; et_pb_row_fullwidth&#8221; _builder_version=&#8221;4.16&#8243; background_size=&#8221;initial&#8221; background_position=&#8221;top_left&#8221; background_repeat=&#8221;repeat&#8221; width=&#8221;94%&#8221; width_tablet=&#8221;80%&#8221; width_phone=&#8221;&#8221; width_last_edited=&#8221;on|desktop&#8221; max_width=&#8221;94%&#8221; max_width_tablet=&#8221;80%&#8221; max_width_phone=&#8221;&#8221; max_width_last_edited=&#8221;on|desktop&#8221; custom_padding=&#8221;0px|0px|0px|0px&#8221; make_fullwidth=&#8221;on&#8221; global_colors_info=&#8221;{}&#8221;][et_pb_column type=&#8221;4_4&#8243; _builder_version=&#8221;4.16&#8243; custom_padding=&#8221;|||&#8221; global_colors_info=&#8221;{}&#8221; custom_padding__hover=&#8221;|||&#8221;][et_pb_text _builder_version=&#8221;4.16&#8243; global_colors_info=&#8221;{}&#8221;]<\/p>\n<h2 style=\"text-align: center;\"><span style=\"color: #ffffff;\">Offerte\u00a0<\/span><\/h2>\n<p>[\/et_pb_text][et_pb_post_slider include_categories=&#8221;12&#8243; show_meta=&#8221;off&#8221; image_placement=&#8221;left&#8221; use_text_overlay=&#8221;off&#8221; _builder_version=&#8221;4.16&#8243; custom_padding=&#8221;20px||40px||false|true&#8221; auto=&#8221;on&#8221; auto_speed=&#8221;3000&#8243; box_shadow_style=&#8221;preset6&#8243; box_shadow_blur=&#8221;10px&#8221; box_shadow_color=&#8221;rgba(0,0,0,0.1)&#8221; global_colors_info=&#8221;{}&#8221; button_text_size__hover_enabled=&#8221;off&#8221; button_one_text_size__hover_enabled=&#8221;off&#8221; button_two_text_size__hover_enabled=&#8221;off&#8221; button_text_color__hover_enabled=&#8221;off&#8221; button_one_text_color__hover_enabled=&#8221;off&#8221; button_two_text_color__hover_enabled=&#8221;off&#8221; button_border_width__hover_enabled=&#8221;off&#8221; button_one_border_width__hover_enabled=&#8221;off&#8221; button_two_border_width__hover_enabled=&#8221;off&#8221; button_border_color__hover_enabled=&#8221;off&#8221; button_one_border_color__hover_enabled=&#8221;off&#8221; button_two_border_color__hover_enabled=&#8221;off&#8221; button_border_radius__hover_enabled=&#8221;off&#8221; button_one_border_radius__hover_enabled=&#8221;off&#8221; button_two_border_radius__hover_enabled=&#8221;off&#8221; button_letter_spacing__hover_enabled=&#8221;off&#8221; button_one_letter_spacing__hover_enabled=&#8221;off&#8221; button_two_letter_spacing__hover_enabled=&#8221;off&#8221; button_bg_color__hover_enabled=&#8221;off&#8221; button_one_bg_color__hover_enabled=&#8221;off&#8221; button_two_bg_color__hover_enabled=&#8221;off&#8221;]<\/p>\n<p>[\/et_pb_post_slider][\/et_pb_column][\/et_pb_row][\/et_pb_section][et_pb_section fb_built=&#8221;1&#8243; custom_padding_last_edited=&#8221;on|desktop&#8221; _builder_version=&#8221;4.16&#8243; custom_padding_tablet=&#8221;50px|0|50px|0&#8243; custom_padding_phone=&#8221;&#8221; padding_mobile=&#8221;off&#8221; global_colors_info=&#8221;{}&#8221;][et_pb_row padding_mobile=&#8221;off&#8221; column_padding_mobile=&#8221;on&#8221; admin_label=&#8221;row&#8221; _builder_version=&#8221;4.16&#8243; background_size=&#8221;initial&#8221; background_position=&#8221;top_left&#8221; background_repeat=&#8221;repeat&#8221; global_colors_info=&#8221;{}&#8221;][et_pb_column type=&#8221;4_4&#8243; _builder_version=&#8221;4.16&#8243; custom_padding=&#8221;|||&#8221; global_colors_info=&#8221;{}&#8221; custom_padding__hover=&#8221;|||&#8221;][et_pb_text module_class=&#8221;et_pb_text_0&#8243; _builder_version=&#8221;4.16&#8243; background_size=&#8221;initial&#8221; background_position=&#8221;top_left&#8221; background_repeat=&#8221;repeat&#8221; global_colors_info=&#8221;{}&#8221;]<\/p>\n<h1>Appartamenti al Corno alle Scale: Prezzi<\/h1>\n<p>[\/et_pb_text][et_pb_text module_class=&#8221;et_pb_text_0&#8243; _builder_version=&#8221;4.16&#8243; header_font=&#8221;||||||||&#8221; header_2_font=&#8221;||||||||&#8221; header_2_font_size=&#8221;36px&#8221; background_size=&#8221;initial&#8221; background_position=&#8221;top_left&#8221; background_repeat=&#8221;repeat&#8221; global_colors_info=&#8221;{}&#8221;]<\/p>\n<h2 id=\"tablepress-1-name\" class=\"tablepress-table-name tablepress-table-name-id-1\">Soggiorni settimanali<\/h2>\n\n<table id=\"tablepress-1\" class=\"tablepress tablepress-id-1\" aria-labelledby=\"tablepress-1-name\">\n<thead>\n<tr class=\"row-1\">\n\t<td class=\"column-1\"><\/td><th class=\"column-2\">Bassa stagione<\/th><th class=\"column-3\">Alta stagione<\/th>\n<\/tr>\n<\/thead>\n<tbody class=\"row-striping row-hover\">\n<tr class=\"row-2\">\n\t<td class=\"column-1\">Appartamento per 2 persone<\/td><td class=\"column-2\">da 420 \u20ac<\/td><td class=\"column-3\">a 560 \u20ac<\/td>\n<\/tr>\n<tr class=\"row-3\">\n\t<td class=\"column-1\">Appartamento per 4 persone<\/td><td class=\"column-2\">da 630 \u20ac<\/td><td class=\"column-3\">a 700 \u20ac<\/td>\n<\/tr>\n<tr class=\"row-4\">\n\t<td class=\"column-1\">Appartamento per 5 persone<\/td><td class=\"column-2\">da 770 \u20ac<\/td><td class=\"column-3\">a 840\u20ac<\/td>\n<\/tr>\n<\/tbody>\n<\/table>\n<!-- #tablepress-1 from cache -->\n<p>[\/et_pb_text][\/et_pb_column][\/et_pb_row][et_pb_row column_structure=&#8221;1_2,1_2&#8243; padding_mobile=&#8221;off&#8221; column_padding_mobile=&#8221;on&#8221; admin_label=&#8221;row&#8221; _builder_version=&#8221;4.16&#8243; background_size=&#8221;initial&#8221; background_position=&#8221;top_left&#8221; background_repeat=&#8221;repeat&#8221; global_colors_info=&#8221;{}&#8221;][et_pb_column type=&#8221;1_2&#8243; _builder_version=&#8221;4.16&#8243; custom_padding=&#8221;|||&#8221; global_colors_info=&#8221;{}&#8221; custom_padding__hover=&#8221;|||&#8221;][et_pb_text module_class=&#8221;et_pb_text_0&#8243; _builder_version=&#8221;4.16&#8243; header_font=&#8221;||||||||&#8221; header_2_font=&#8221;||||||||&#8221; header_2_font_size=&#8221;36px&#8221; background_size=&#8221;initial&#8221; background_position=&#8221;top_left&#8221; background_repeat=&#8221;repeat&#8221; global_colors_info=&#8221;{}&#8221;]<\/p>\n<h2 id=\"tablepress-2-name\" class=\"tablepress-table-name tablepress-table-name-id-2\">Soggiorni feriali da domenica a gioved\u00ec da 1  a 5 giorni in bassa stagione<\/h2>\n\n<table id=\"tablepress-2\" class=\"tablepress tablepress-id-2\" aria-labelledby=\"tablepress-2-name\">\n<thead>\n<tr class=\"row-1\">\n\t<td class=\"column-1\"><\/td><th class=\"column-2\">Prima notte<\/th><th class=\"column-3\">Notti aggiuntive<\/th>\n<\/tr>\n<\/thead>\n<tbody class=\"row-striping row-hover\">\n<tr class=\"row-2\">\n\t<td class=\"column-1\">Appartamento per 2 persone<\/td><td class=\"column-2\">da 60 \u20ac<\/td><td class=\"column-3\">da 50 \u20ac a notte<\/td>\n<\/tr>\n<tr class=\"row-3\">\n\t<td class=\"column-1\">Appartamento per 4 persone<\/td><td class=\"column-2\">da 80 \u20ac<\/td><td class=\"column-3\">da 70 \u20ac a notte<\/td>\n<\/tr>\n<tr class=\"row-4\">\n\t<td class=\"column-1\">Appartamento per 5 persone<\/td><td class=\"column-2\">da 90 \u20ac<\/td><td class=\"column-3\">da 80 \u20ac a notte<\/td>\n<\/tr>\n<\/tbody>\n<\/table>\n<!-- #tablepress-2 from cache -->\n<p>[\/et_pb_text][\/et_pb_column][et_pb_column type=&#8221;1_2&#8243; _builder_version=&#8221;4.16&#8243; custom_padding=&#8221;|||&#8221; global_colors_info=&#8221;{}&#8221; custom_padding__hover=&#8221;|||&#8221;][et_pb_text module_class=&#8221;et_pb_text_0&#8243; _builder_version=&#8221;4.16&#8243; header_font=&#8221;||||||||&#8221; header_2_font=&#8221;||||||||&#8221; header_2_font_size=&#8221;36px&#8221; background_size=&#8221;initial&#8221; background_position=&#8221;top_left&#8221; background_repeat=&#8221;repeat&#8221; global_colors_info=&#8221;{}&#8221;]<\/p>\n<h2 id=\"tablepress-3-name\" class=\"tablepress-table-name tablepress-table-name-id-3\">Weekend (2 giorni, da venered\u00ec a domenica)<\/h2>\n\n<table id=\"tablepress-3\" class=\"tablepress tablepress-id-3\" aria-labelledby=\"tablepress-3-name\">\n<thead>\n<tr class=\"row-1\">\n\t<td class=\"column-1\"><\/td><th class=\"column-2\">Bassa stagione<\/th><th class=\"column-3\">Alta stagione<\/th>\n<\/tr>\n<\/thead>\n<tbody class=\"row-striping row-hover\">\n<tr class=\"row-2\">\n\t<td class=\"column-1\">Appartamento per 2 persone<\/td><td class=\"column-2\">da 140 \u20ac<\/td><td class=\"column-3\">da 160 \u20ac<\/td>\n<\/tr>\n<tr class=\"row-3\">\n\t<td class=\"column-1\">Appartamento per 4 persone<\/td><td class=\"column-2\">da 190 \u20ac<\/td><td class=\"column-3\">da 220 \u20ac<\/td>\n<\/tr>\n<tr class=\"row-4\">\n\t<td class=\"column-1\">Appartamento per 5 persone<\/td><td class=\"column-2\">da 210 \u20ac<\/td><td class=\"column-3\">da 240 \u20ac<\/td>\n<\/tr>\n<\/tbody>\n<\/table>\n<!-- #tablepress-3 from cache -->\n<p>[\/et_pb_text][\/et_pb_column][\/et_pb_row][et_pb_row column_structure=&#8221;1_2,1_2&#8243; padding_mobile=&#8221;off&#8221; column_padding_mobile=&#8221;on&#8221; admin_label=&#8221;row&#8221; _builder_version=&#8221;4.16&#8243; background_size=&#8221;initial&#8221; background_position=&#8221;top_left&#8221; background_repeat=&#8221;repeat&#8221; global_colors_info=&#8221;{}&#8221;][et_pb_column type=&#8221;1_2&#8243; _builder_version=&#8221;4.16&#8243; custom_padding=&#8221;|||&#8221; global_colors_info=&#8221;{}&#8221; custom_padding__hover=&#8221;|||&#8221;][et_pb_text module_class=&#8221;et_pb_text_0&#8243; _builder_version=&#8221;4.16&#8243; background_size=&#8221;initial&#8221; background_position=&#8221;top_left&#8221; background_repeat=&#8221;repeat&#8221; custom_padding=&#8221;||0px|||&#8221; global_colors_info=&#8221;{}&#8221;]<\/p>\n<p class=\"p1\"><span class=\"s1\"><b>Bassa Stagione<\/b><\/span><\/p>\n<p class=\"p2\"><span class=\"s1\">Da <strong>domenica 8 gennaio 2023<\/strong> a <strong>venerd\u00ec 23 giugno 2023<\/strong>.<\/span><\/p>\n<p class=\"p2\">Da <strong>domenica 11 settembre 2022<\/strong> a <strong>gioved\u00ec 22 dicembre 2022<\/strong>.<\/p>\n<p>[\/et_pb_text][\/et_pb_column][et_pb_column type=&#8221;1_2&#8243; _builder_version=&#8221;4.16&#8243; custom_padding=&#8221;|||&#8221; global_colors_info=&#8221;{}&#8221; custom_padding__hover=&#8221;|||&#8221;][et_pb_text module_class=&#8221;et_pb_text_0&#8243; _builder_version=&#8221;4.16&#8243; background_size=&#8221;initial&#8221; background_position=&#8221;top_left&#8221; background_repeat=&#8221;repeat&#8221; custom_padding=&#8221;||0px|||&#8221; global_colors_info=&#8221;{}&#8221;]<\/p>\n<p><strong>Alta Stagione<\/strong><\/p>\n<p>Da <strong>venerd\u00ec 23 dicembre 2022<\/strong> a <strong>domenica 8 gennaio 2023<\/strong>.<\/p>\n<p>Da <strong>sabato 24 giugno 2023<\/strong> a <strong>sabato 9 settembre 2023<\/strong>.<\/p>\n<p>[\/et_pb_text][\/et_pb_column][\/et_pb_row][et_pb_row padding_mobile=&#8221;off&#8221; column_padding_mobile=&#8221;on&#8221; admin_label=&#8221;row&#8221; _builder_version=&#8221;4.16&#8243; background_size=&#8221;initial&#8221; background_position=&#8221;top_left&#8221; background_repeat=&#8221;repeat&#8221; global_colors_info=&#8221;{}&#8221;][et_pb_column type=&#8221;4_4&#8243; _builder_version=&#8221;4.16&#8243; custom_padding=&#8221;|||&#8221; global_colors_info=&#8221;{}&#8221; custom_padding__hover=&#8221;|||&#8221;][et_pb_text _builder_version=&#8221;4.16&#8243; background_size=&#8221;initial&#8221; background_position=&#8221;top_left&#8221; background_repeat=&#8221;repeat&#8221; global_colors_info=&#8221;{}&#8221;]<\/p>\n<h2 class=\"p1\"><span class=\"s1\">Prezzi intesi<\/span><\/h2>\n<ul class=\"ul1\">\n<li class=\"li2\"><span class=\"s1\">Per appartamento<\/span><\/li>\n<li class=\"li2\"><span class=\"s1\">Bambini gratis fino a 3 anni con lettino proprio<\/span><\/li>\n<li class=\"li2\"><span class=\"s1\">Check in dopo le ore 1<span style=\"color: #665050;\">5<\/span><\/span><\/li>\n<li class=\"li2\"><span class=\"s1\">Check out entro le ore 10<\/span><\/li>\n<li class=\"li2\"><span class=\"s1\"><b>Comprensivi di tutti i consumi, biancheria e pulizia finale<\/b>, tranne l&#8217;angolo cottura (se non effettuata saranno addebitati 30\u20ac). Puoi decidere di portare le tue lenzuola e asciugamani da casa e riconsegnare l&#8217;appartamento pulito risparmiando sulla cifra finale! <br \/><\/span><\/li>\n<\/ul>\n<p class=\"p3\"><span class=\"s1\">\u00a0<\/span><\/p>\n<h2>Vantaggi esclusivi per chi prenota direttamente:<\/h2>\n<ul>\n<li><span style=\"color: #660909;\">Ingresso<\/span> omaggio al\u00a0<strong>cinema\u00a0<a href=\"https:\/\/www.facebook.com\/kursaal.porretta\/\" target=\"_blank\" rel=\"noopener noreferrer\">Kursaal<\/a>\u00a0di Porretta Terme<\/strong>, sala di prima visione che aderisce al circuito d\u2019essai<\/li>\n<\/ul>\n<ul>\n<li>Convenzioni con noleggio ebike,\u00a0 guide trekking<\/li>\n<li>Piccola officina per mountain bike<\/li>\n<li>Informazioni dettagliate su sentieri e itinerari mtb<\/li>\n<\/ul>\n<p>Inoltre, su richiesta:<\/p>\n<ul>\n<li>Scuola di filatura, tessitura e colorazione naturale della lana<\/li>\n<li>Impariamo a fare la sfoglia col mattarello<\/li>\n<li>Convenzioni per pranzi e cene, sia in paese che in rifugio<\/li>\n<\/ul>\n<p class=\"p1\">Villa Fedora \u00e8 membro\u00a0<a href=\"https:\/\/www.belvedereturismo.it\/\" target=\"_blank\" rel=\"noopener noreferrer\">del Consorzio Quota 1945 &#8211; Corno alle Scale,<\/a> pertanto gli ospiti godono di sconti e facilitazioni sulle tariffe delle guide di\u00a0<a href=\"https:\/\/www.coopmadreselva.it\/\" target=\"_blank\" rel=\"noopener noreferrer\">Madreselva<\/a>, sull\u2019entrata in piscina alle Terme di Porretta,\u00a0e di altri servizi offerti dall\u2019associazione locale<\/p>\n<p>[\/et_pb_text][\/et_pb_column][\/et_pb_row][\/et_pb_section]<\/p>\n","protected":false},"excerpt":{"rendered":"<p>Offerte\u00a0 Appartamenti al Corno alle Scale: Prezzi <h2 id=\"tablepress-1-no-2-name\" class=\"tablepress-table-name tablepress-table-name-id-1\">Soggiorni settimanali<\/h2>\n\n<table id=\"tablepress-1-no-2\" class=\"tablepress tablepress-id-1\" aria-labelledby=\"tablepress-1-no-2-name\">\n<thead>\n<tr class=\"row-1\">\n\t<td class=\"column-1\"><\/td><th class=\"column-2\">Bassa stagione<\/th><th class=\"column-3\">Alta stagione<\/th>\n<\/tr>\n<\/thead>\n<tbody class=\"row-striping row-hover\">\n<tr class=\"row-2\">\n\t<td class=\"column-1\">Appartamento per 2 persone<\/td><td class=\"column-2\">da 420 \u20ac<\/td><td class=\"column-3\">a 560 \u20ac<\/td>\n<\/tr>\n<tr class=\"row-3\">\n\t<td class=\"column-1\">Appartamento per 4 persone<\/td><td class=\"column-2\">da 630 \u20ac<\/td><td class=\"column-3\">a 700 \u20ac<\/td>\n<\/tr>\n<tr class=\"row-4\">\n\t<td class=\"column-1\">Appartamento per 5 persone<\/td><td class=\"column-2\">da 770 \u20ac<\/td><td class=\"column-3\">a 840\u20ac<\/td>\n<\/tr>\n<\/tbody>\n<\/table>\n<h2 id=\"tablepress-2-no-2-name\" class=\"tablepress-table-name tablepress-table-name-id-2\">Soggiorni feriali da domenica a gioved\u00ec da 1  a 5 giorni in bassa stagione<\/h2>\n\n<table id=\"tablepress-2-no-2\" class=\"tablepress tablepress-id-2\" aria-labelledby=\"tablepress-2-no-2-name\">\n<thead>\n<tr class=\"row-1\">\n\t<td class=\"column-1\"><\/td><th class=\"column-2\">Prima notte<\/th><th class=\"column-3\">Notti aggiuntive<\/th>\n<\/tr>\n<\/thead>\n<tbody class=\"row-striping row-hover\">\n<tr class=\"row-2\">\n\t<td class=\"column-1\">Appartamento per 2 persone<\/td><td class=\"column-2\">da 60 \u20ac<\/td><td class=\"column-3\">da 50 \u20ac a notte<\/td>\n<\/tr>\n<tr class=\"row-3\">\n\t<td class=\"column-1\">Appartamento per 4 persone<\/td><td class=\"column-2\">da 80 \u20ac<\/td><td class=\"column-3\">da 70 \u20ac a notte<\/td>\n<\/tr>\n<tr class=\"row-4\">\n\t<td class=\"column-1\">Appartamento per 5 persone<\/td><td class=\"column-2\">da 90 \u20ac<\/td><td class=\"column-3\">da 80 \u20ac a notte<\/td>\n<\/tr>\n<\/tbody>\n<\/table>\n<h2 id=\"tablepress-3-no-2-name\" class=\"tablepress-table-name tablepress-table-name-id-3\">Weekend (2 giorni, da venered\u00ec a domenica)<\/h2>\n\n<table id=\"tablepress-3-no-2\" class=\"tablepress tablepress-id-3\" aria-labelledby=\"tablepress-3-no-2-name\">\n<thead>\n<tr class=\"row-1\">\n\t<td class=\"column-1\"><\/td><th class=\"column-2\">Bassa stagione<\/th><th class=\"column-3\">Alta stagione<\/th>\n<\/tr>\n<\/thead>\n<tbody class=\"row-striping row-hover\">\n<tr class=\"row-2\">\n\t<td class=\"column-1\">Appartamento per 2 persone<\/td><td class=\"column-2\">da 140 \u20ac<\/td><td class=\"column-3\">da 160 \u20ac<\/td>\n<\/tr>\n<tr class=\"row-3\">\n\t<td class=\"column-1\">Appartamento per 4 persone<\/td><td class=\"column-2\">da 190 \u20ac<\/td><td class=\"column-3\">da 220 \u20ac<\/td>\n<\/tr>\n<tr class=\"row-4\">\n\t<td class=\"column-1\">Appartamento per 5 persone<\/td><td class=\"column-2\">da 210 \u20ac<\/td><td class=\"column-3\">da 240 \u20ac<\/td>\n<\/tr>\n<\/tbody>\n<\/table>\nBassa Stagione Da domenica 8 gennaio 2023 a venerd\u00ec 23 giugno 2023. Da domenica 11 settembre 2022 a gioved\u00ec 22 dicembre 2022.Alta Stagione Da venerd\u00ec 23 dicembre 2022 a domenica 8 gennaio 2023. Da sabato 24 giugno 2023 a sabato 9 settembre [&hellip;]<\/p>\n","protected":false},"author":1,"featured_media":0,"parent":0,"menu_order":0,"comment_status":"closed","ping_status":"open","template":"","meta":{"_et_pb_use_builder":"on","_et_pb_old_content":"","_et_gb_content_width":"","footnotes":""},"class_list":["post-378","page","type-page","status-publish","hentry"],"yoast_head":"<!-- This site is optimized with the Yoast SEO plugin v27.3 - https:\/\/yoast.com\/product\/yoast-seo-wordpress\/ -->\n<title>Tariffe &#8902; Residence Villa Fedora<\/title>\n<meta name=\"description\" content=\"Appartamenti al Corno alle Scale - Prezzi imbattibili anche per bed &amp; breakfast - Scopri tutte le offerte riservate a chi prenota dal sito!\" \/>\n<meta name=\"robots\" content=\"index, follow, max-snippet:-1, max-image-preview:large, max-video-preview:-1\" \/>\n<link rel=\"canonical\" href=\"https:\/\/www.villafedora.it\/residence\/tariffe\" \/>\n<meta property=\"og:locale\" content=\"it_IT\" \/>\n<meta property=\"og:type\" content=\"article\" \/>\n<meta property=\"og:title\" content=\"Tariffe &#8902; Residence Villa Fedora\" \/>\n<meta property=\"og:description\" content=\"Appartamenti al Corno alle Scale - Prezzi imbattibili anche per bed &amp; breakfast - Scopri tutte le offerte riservate a chi prenota dal sito!\" \/>\n<meta property=\"og:url\" content=\"https:\/\/www.villafedora.it\/residence\/tariffe\" \/>\n<meta property=\"og:site_name\" content=\"Residence Villa Fedora\" \/>\n<meta property=\"article:publisher\" content=\"https:\/\/www.facebook.com\/villafedora\" \/>\n<meta property=\"article:modified_time\" content=\"2022-10-03T11:40:38+00:00\" \/>\n<meta name=\"twitter:card\" content=\"summary_large_image\" \/>\n<meta name=\"twitter:label1\" content=\"Tempo di lettura stimato\" \/>\n\t<meta name=\"twitter:data1\" content=\"5 minuti\" \/>\n<script type=\"application\/ld+json\" class=\"yoast-schema-graph\">{\"@context\":\"https:\\\/\\\/schema.org\",\"@graph\":[{\"@type\":\"WebPage\",\"@id\":\"https:\\\/\\\/www.villafedora.it\\\/residence\\\/tariffe\",\"url\":\"https:\\\/\\\/www.villafedora.it\\\/residence\\\/tariffe\",\"name\":\"Tariffe &#8902; Residence Villa Fedora\",\"isPartOf\":{\"@id\":\"https:\\\/\\\/www.villafedora.it\\\/residence\\\/#website\"},\"datePublished\":\"2015-12-03T16:27:14+00:00\",\"dateModified\":\"2022-10-03T11:40:38+00:00\",\"description\":\"Appartamenti al Corno alle Scale - Prezzi imbattibili anche per bed & breakfast - Scopri tutte le offerte riservate a chi prenota dal sito!\",\"breadcrumb\":{\"@id\":\"https:\\\/\\\/www.villafedora.it\\\/residence\\\/tariffe#breadcrumb\"},\"inLanguage\":\"it-IT\",\"potentialAction\":[{\"@type\":\"ReadAction\",\"target\":[\"https:\\\/\\\/www.villafedora.it\\\/residence\\\/tariffe\"]}]},{\"@type\":\"BreadcrumbList\",\"@id\":\"https:\\\/\\\/www.villafedora.it\\\/residence\\\/tariffe#breadcrumb\",\"itemListElement\":[{\"@type\":\"ListItem\",\"position\":1,\"name\":\"Home\",\"item\":\"https:\\\/\\\/www.villafedora.it\\\/residence\\\/\"},{\"@type\":\"ListItem\",\"position\":2,\"name\":\"Tariffe\"}]},{\"@type\":\"WebSite\",\"@id\":\"https:\\\/\\\/www.villafedora.it\\\/residence\\\/#website\",\"url\":\"https:\\\/\\\/www.villafedora.it\\\/residence\\\/\",\"name\":\"Residence Villa Fedora\",\"description\":\"La tua casa a Lizzano in Belvedere\",\"publisher\":{\"@id\":\"https:\\\/\\\/www.villafedora.it\\\/residence\\\/#organization\"},\"potentialAction\":[{\"@type\":\"SearchAction\",\"target\":{\"@type\":\"EntryPoint\",\"urlTemplate\":\"https:\\\/\\\/www.villafedora.it\\\/residence\\\/?s={search_term_string}\"},\"query-input\":{\"@type\":\"PropertyValueSpecification\",\"valueRequired\":true,\"valueName\":\"search_term_string\"}}],\"inLanguage\":\"it-IT\"},{\"@type\":\"Organization\",\"@id\":\"https:\\\/\\\/www.villafedora.it\\\/residence\\\/#organization\",\"name\":\"Residence Villa Fedora\",\"url\":\"https:\\\/\\\/www.villafedora.it\\\/residence\\\/\",\"logo\":{\"@type\":\"ImageObject\",\"inLanguage\":\"it-IT\",\"@id\":\"https:\\\/\\\/www.villafedora.it\\\/residence\\\/#\\\/schema\\\/logo\\\/image\\\/\",\"url\":\"https:\\\/\\\/www.villafedora.it\\\/residence\\\/wp-content\\\/uploads\\\/2018\\\/01\\\/villa-fedora-logo_big.jpg\",\"contentUrl\":\"https:\\\/\\\/www.villafedora.it\\\/residence\\\/wp-content\\\/uploads\\\/2018\\\/01\\\/villa-fedora-logo_big.jpg\",\"width\":238,\"height\":90,\"caption\":\"Residence Villa Fedora\"},\"image\":{\"@id\":\"https:\\\/\\\/www.villafedora.it\\\/residence\\\/#\\\/schema\\\/logo\\\/image\\\/\"},\"sameAs\":[\"https:\\\/\\\/www.facebook.com\\\/villafedora\",\"https:\\\/\\\/www.instagram.com\\\/germy_villa_fedora\\\/\"]}]}<\/script>\n<!-- \/ Yoast SEO plugin. -->","yoast_head_json":{"title":"Tariffe &#8902; Residence Villa Fedora","description":"Appartamenti al Corno alle Scale - Prezzi imbattibili anche per bed & breakfast - Scopri tutte le offerte riservate a chi prenota dal sito!","robots":{"index":"index","follow":"follow","max-snippet":"max-snippet:-1","max-image-preview":"max-image-preview:large","max-video-preview":"max-video-preview:-1"},"canonical":"https:\/\/www.villafedora.it\/residence\/tariffe","og_locale":"it_IT","og_type":"article","og_title":"Tariffe &#8902; Residence Villa Fedora","og_description":"Appartamenti al Corno alle Scale - Prezzi imbattibili anche per bed & breakfast - Scopri tutte le offerte riservate a chi prenota dal sito!","og_url":"https:\/\/www.villafedora.it\/residence\/tariffe","og_site_name":"Residence Villa Fedora","article_publisher":"https:\/\/www.facebook.com\/villafedora","article_modified_time":"2022-10-03T11:40:38+00:00","twitter_card":"summary_large_image","twitter_misc":{"Tempo di lettura stimato":"5 minuti"},"schema":{"@context":"https:\/\/schema.org","@graph":[{"@type":"WebPage","@id":"https:\/\/www.villafedora.it\/residence\/tariffe","url":"https:\/\/www.villafedora.it\/residence\/tariffe","name":"Tariffe &#8902; Residence Villa Fedora","isPartOf":{"@id":"https:\/\/www.villafedora.it\/residence\/#website"},"datePublished":"2015-12-03T16:27:14+00:00","dateModified":"2022-10-03T11:40:38+00:00","description":"Appartamenti al Corno alle Scale - Prezzi imbattibili anche per bed & breakfast - Scopri tutte le offerte riservate a chi prenota dal sito!","breadcrumb":{"@id":"https:\/\/www.villafedora.it\/residence\/tariffe#breadcrumb"},"inLanguage":"it-IT","potentialAction":[{"@type":"ReadAction","target":["https:\/\/www.villafedora.it\/residence\/tariffe"]}]},{"@type":"BreadcrumbList","@id":"https:\/\/www.villafedora.it\/residence\/tariffe#breadcrumb","itemListElement":[{"@type":"ListItem","position":1,"name":"Home","item":"https:\/\/www.villafedora.it\/residence\/"},{"@type":"ListItem","position":2,"name":"Tariffe"}]},{"@type":"WebSite","@id":"https:\/\/www.villafedora.it\/residence\/#website","url":"https:\/\/www.villafedora.it\/residence\/","name":"Residence Villa Fedora","description":"La tua casa a Lizzano in Belvedere","publisher":{"@id":"https:\/\/www.villafedora.it\/residence\/#organization"},"potentialAction":[{"@type":"SearchAction","target":{"@type":"EntryPoint","urlTemplate":"https:\/\/www.villafedora.it\/residence\/?s={search_term_string}"},"query-input":{"@type":"PropertyValueSpecification","valueRequired":true,"valueName":"search_term_string"}}],"inLanguage":"it-IT"},{"@type":"Organization","@id":"https:\/\/www.villafedora.it\/residence\/#organization","name":"Residence Villa Fedora","url":"https:\/\/www.villafedora.it\/residence\/","logo":{"@type":"ImageObject","inLanguage":"it-IT","@id":"https:\/\/www.villafedora.it\/residence\/#\/schema\/logo\/image\/","url":"https:\/\/www.villafedora.it\/residence\/wp-content\/uploads\/2018\/01\/villa-fedora-logo_big.jpg","contentUrl":"https:\/\/www.villafedora.it\/residence\/wp-content\/uploads\/2018\/01\/villa-fedora-logo_big.jpg","width":238,"height":90,"caption":"Residence Villa Fedora"},"image":{"@id":"https:\/\/www.villafedora.it\/residence\/#\/schema\/logo\/image\/"},"sameAs":["https:\/\/www.facebook.com\/villafedora","https:\/\/www.instagram.com\/germy_villa_fedora\/"]}]}},"_links":{"self":[{"href":"https:\/\/www.villafedora.it\/residence\/wp-json\/wp\/v2\/pages\/378","targetHints":{"allow":["GET"]}}],"collection":[{"href":"https:\/\/www.villafedora.it\/residence\/wp-json\/wp\/v2\/pages"}],"about":[{"href":"https:\/\/www.villafedora.it\/residence\/wp-json\/wp\/v2\/types\/page"}],"author":[{"embeddable":true,"href":"https:\/\/www.villafedora.it\/residence\/wp-json\/wp\/v2\/users\/1"}],"replies":[{"embeddable":true,"href":"https:\/\/www.villafedora.it\/residence\/wp-json\/wp\/v2\/comments?post=378"}],"version-history":[{"count":0,"href":"https:\/\/www.villafedora.it\/residence\/wp-json\/wp\/v2\/pages\/378\/revisions"}],"wp:attachment":[{"href":"https:\/\/www.villafedora.it\/residence\/wp-json\/wp\/v2\/media?parent=378"}],"curies":[{"name":"wp","href":"https:\/\/api.w.org\/{rel}","templated":true}]}}